{"id":32,"date":"2020-06-13T20:23:10","date_gmt":"2020-06-13T23:23:10","guid":{"rendered":"https:\/\/agrocivileng.com.br\/portal\/?page_id=32"},"modified":"2023-06-26T08:27:22","modified_gmt":"2023-06-26T11:27:22","slug":"servicos","status":"publish","type":"page","link":"https:\/\/agrocivileng.com.br\/portal\/servicos\/","title":{"rendered":"Servi\u00e7os"},"content":{"rendered":"<ul>\n<li style=\"font-weight: 400;\" aria-level=\"1\"><span style=\"font-weight: 400;\">Empresa de consultoria imobili\u00e1ria com expertise para oferecer servi\u00e7os de alta qualidade em <\/span><b>Renegocia\u00e7\u00e3o e Renova\u00e7\u00e3o de Contrato de Loca\u00e7\u00e3o<\/b><span style=\"font-weight: 400;\">, <\/span><b>Acompanhamento de obras<\/b><span style=\"font-weight: 400;\">, <\/span><b>An\u00e1lise de viabilidade financeira de empreendimentos e casas<\/b><span style=\"font-weight: 400;\">, <\/span><b>Servi\u00e7os de per\u00edcia relacionados \u00e0 engenharia diagn\u00f3stica e engenharia de avalia\u00e7\u00e3o imobili\u00e1ria<\/b><span style=\"font-weight: 400;\"> (Assessoria jur\u00eddica especializada), <\/span><b>Assessoria em processos de aquisi\u00e7\u00e3o de terreno e constru\u00e7\u00e3o<\/b><span style=\"font-weight: 400;\">,<\/span><b> Avalia\u00e7\u00e3o e Pesquisas Imobili\u00e1rias<\/b><span style=\"font-weight: 400;\"> e <\/span><b>Vistorias para entrega e recebimentos de im\u00f3veis locados.<\/b><\/li>\n<\/ul>\n<p>&nbsp;<\/p>\n<p><b>01- Avalia\u00e7\u00e3o e Pesquisas Imobili\u00e1rias<\/b><b><\/b><\/p>\n<p>&nbsp;<\/p>\n<p><span style=\"font-weight: 400;\">O servi\u00e7o de avalia\u00e7\u00e3o e pesquisas imobili\u00e1rias \u00e9 primordial para determinar o valor de mercado de um neg\u00f3cio. Esse processo define qual \u00e9 o pre\u00e7o real de um ativo imobili\u00e1rio, contando com diversos fatores, tanto internos quanto externos. Um laudo bem estruturado apresentar\u00e1 dados que ajudar\u00e3o na tomada de decis\u00e3o de venda, aluguel ou qualquer outra negocia\u00e7\u00e3o que seja positiva para o cliente.<\/span><\/p>\n<p>&nbsp;<\/p>\n<p><span style=\"font-weight: 400;\">Na busca da identifica\u00e7\u00e3o do real valor do im\u00f3vel e da regi\u00e3o, a equipe de profissionais da AgroCivil Engenharia avalia todos os par\u00e2metros de mercado para desenvolver o laudo de avalia\u00e7\u00e3o, documento imprescind\u00edvel no in\u00edcio de qualquer movimenta\u00e7\u00e3o imobili\u00e1ria.<\/span><\/p>\n<p>&nbsp;<\/p>\n<p><span style=\"font-weight: 400;\">Nosso processo de elabora\u00e7\u00e3o de Laudos de Avalia\u00e7\u00e3o de Im\u00f3veis \u00e9 extremamente t\u00e9cnico e s\u00e9rio, pois al\u00e9m dos procedimentos internos padronizados, ele atende todas \u00e0s exig\u00eancias da NBR 14653 \u2013 partes 1, 2, 3 \u2013 ABNT (Associa\u00e7\u00e3o Brasileira de Normas T\u00e9cnicas), e IBAPE (Instituto Brasileiro de Avalia\u00e7\u00f5es e Per\u00edcias de Engenharia), originando assim, um laudo confi\u00e1vel sobre o valor real de mercado.<\/span><\/p>\n<p>&nbsp;<\/p>\n<p><span style=\"font-weight: 400;\">Nossa expertise nos d\u00e1 capacidade para produzir Avalia\u00e7\u00f5es Imobili\u00e1rias nas seguintes situa\u00e7\u00f5es:<\/span><\/p>\n<ul>\n<li><span style=\"font-weight: 400;\">Avalia\u00e7\u00e3o de Im\u00f3veis Comerciais;<\/span><\/li>\n<li><span style=\"font-weight: 400;\">Avalia\u00e7\u00f5es de Im\u00f3veis Industriais e Galp\u00f5es;<\/span><\/li>\n<li><span style=\"font-weight: 400;\">Avalia\u00e7\u00e3o de Im\u00f3veis Rurais;<\/span><\/li>\n<li><span style=\"font-weight: 400;\">Avalia\u00e7\u00e3o de Im\u00f3veis Residenciais;<\/span><\/li>\n<li><span style=\"font-weight: 400;\">Avalia\u00e7\u00e3o de Terrenos e Glebas;<\/span><\/li>\n<li><span style=\"font-weight: 400;\">Avalia\u00e7\u00e3o de Empreendimentos.<\/span><\/li>\n<\/ul>\n<p><b>02- Etapas para uma perfeita elabora\u00e7\u00e3o do Laudo de Avalia\u00e7\u00e3o Imobili\u00e1ria<\/b><b><\/b><\/p>\n<p>&nbsp;<\/p>\n<p><span style=\"font-weight: 400;\">De acordo com nossos processos internos, s\u00e3o necess\u00e1rios para a cria\u00e7\u00e3o de um perfeito Laudo de Avalia\u00e7\u00e3o de Im\u00f3veis:<\/span><\/p>\n<p>&nbsp;<\/p>\n<p><span style=\"font-weight: 400;\">a) Levantamento de informa\u00e7\u00f5es prim\u00e1rias e secund\u00e1rias de Im\u00f3vel a ser avaliado, juntamente com o recebimento dos documentos solicitados pela AgroCivil Engenharia;<\/span><\/p>\n<p><span style=\"font-weight: 400;\">b) Vistoria f\u00edsica no im\u00f3vel, feita por um Engenheiro qualificado para uma an\u00e1lise criteriosa das caracter\u00edsticas do Im\u00f3vel analisado;<\/span><\/p>\n<p><span style=\"font-weight: 400;\">c) Busca de informa\u00e7\u00f5es mercadol\u00f3gicas no mercado imobili\u00e1rio para ter uma consci\u00eancia completa da conjuntura do im\u00f3vel avaliado. Esta avalia\u00e7\u00e3o do mercado, englobar\u00e1 im\u00f3veis ofertados e im\u00f3veis transacionados;<\/span><\/p>\n<p>&nbsp;<\/p>\n<p><span style=\"font-weight: 400;\">Sob os processos criteriosos da AgroCivil Engenharia, conjuntamente com a Normas que regem o mercado, ser\u00e1 produzido o Laudo de Avalia\u00e7\u00e3o do Im\u00f3vel;<\/span><\/p>\n<p>&nbsp;<\/p>\n<p><span style=\"font-weight: 400;\">Agora que voc\u00ea j\u00e1 conhece um pouco sobre nosso Servi\u00e7o de Laudo de Avalia\u00e7\u00e3o Imobili\u00e1ria, entre em contato conosco pelos telefones [34] 9.9145-4470 ou [34] 9.9806.4030, mas se preferir, envie sua d\u00favida ou solicita\u00e7\u00e3o para o e-mail michel@agrocivileng.com.br, pois teremos um grande prazer em atender voc\u00ea!<\/span><\/p>\n","protected":false},"excerpt":{"rendered":"<p>Empresa de consultoria imobili\u00e1ria com expertise para oferecer servi\u00e7os de alta qualidade em Renegocia\u00e7\u00e3o e Renova\u00e7\u00e3o de Contrato de Loca\u00e7\u00e3o, Acompanhamento de obras, An\u00e1lise de viabilidade financeira de empreendimentos e casas, Servi\u00e7os de per\u00edcia relacionados \u00e0 engenharia diagn\u00f3stica e engenharia de avalia\u00e7\u00e3o imobili\u00e1ria (Assessoria jur\u00eddica especializada), Assessoria em processos de aquisi\u00e7\u00e3o de terreno e constru\u00e7\u00e3o, &#8230; <a title=\"Servi\u00e7os\" class=\"read-more\" href=\"https:\/\/agrocivileng.com.br\/portal\/servicos\/\">Ler mais <span class=\"screen-reader-text\">Servi\u00e7os<\/span><\/a><\/p>\n","protected":false},"author":1,"featured_media":0,"parent":0,"menu_order":0,"comment_status":"closed","ping_status":"closed","template":"","meta":[],"_links":{"self":[{"href":"https:\/\/agrocivileng.com.br\/portal\/wp-json\/wp\/v2\/pages\/32"}],"collection":[{"href":"https:\/\/agrocivileng.com.br\/portal\/wp-json\/wp\/v2\/pages"}],"about":[{"href":"https:\/\/agrocivileng.com.br\/portal\/wp-json\/wp\/v2\/types\/page"}],"author":[{"embeddable":true,"href":"https:\/\/agrocivileng.com.br\/portal\/wp-json\/wp\/v2\/users\/1"}],"replies":[{"embeddable":true,"href":"https:\/\/agrocivileng.com.br\/portal\/wp-json\/wp\/v2\/comments?post=32"}],"version-history":[{"count":4,"href":"https:\/\/agrocivileng.com.br\/portal\/wp-json\/wp\/v2\/pages\/32\/revisions"}],"predecessor-version":[{"id":970,"href":"https:\/\/agrocivileng.com.br\/portal\/wp-json\/wp\/v2\/pages\/32\/revisions\/970"}],"wp:attachment":[{"href":"https:\/\/agrocivileng.com.br\/portal\/wp-json\/wp\/v2\/media?parent=32"}],"curies":[{"name":"wp","href":"https:\/\/api.w.org\/{rel}","templated":true}]}}