{"id":947,"date":"2023-06-26T00:39:26","date_gmt":"2023-06-26T03:39:26","guid":{"rendered":"https:\/\/agrocivileng.com.br\/portal\/?page_id=947"},"modified":"2023-06-26T00:43:40","modified_gmt":"2023-06-26T03:43:40","slug":"quem-somos","status":"publish","type":"page","link":"https:\/\/agrocivileng.com.br\/portal\/quem-somos\/","title":{"rendered":"Quem Somos"},"content":{"rendered":"<p><b>AgroCivil Engenharia<\/b><\/p>\n<p>&nbsp;<\/p>\n<p><b>Somos especialistas em Avalia\u00e7\u00e3o de Im\u00f3veis.<\/b><\/p>\n<p>&nbsp;<\/p>\n<p><span style=\"font-weight: 400;\">Empresa de consultoria imobili\u00e1ria com expertise para oferecer servi\u00e7os de alta qualidade em <\/span><b>Renegocia\u00e7\u00e3o e Renova\u00e7\u00e3o de Contrato de Loca\u00e7\u00e3o<\/b><span style=\"font-weight: 400;\">, <\/span><b>Acompanhamento de obras<\/b><span style=\"font-weight: 400;\">, <\/span><b>An\u00e1lise de viabilidade financeira de empreendimentos e casas<\/b><span style=\"font-weight: 400;\">, <\/span><b>Servi\u00e7os de per\u00edcia relacionados \u00e0 engenharia diagn\u00f3stica e engenharia de avalia\u00e7\u00e3o imobili\u00e1ria<\/b><span style=\"font-weight: 400;\"> (Assessoria jur\u00eddica especializada), <\/span><b>Assessoria em processos de aquisi\u00e7\u00e3o de terreno e constru\u00e7\u00e3o<\/b><span style=\"font-weight: 400;\">,<\/span><b> Avalia\u00e7\u00e3o e Pesquisas Imobili\u00e1rias<\/b><span style=\"font-weight: 400;\"> e <\/span><b>Vistorias para entrega e recebimentos de im\u00f3veis locados.<\/b><\/p>\n<p>&nbsp;<\/p>\n<p><span style=\"font-weight: 400;\">Com uma equipe de profissionais capacitados, a AgroCivil Engenharia trabalha em todas as etapas da gest\u00e3o dos ativos imobili\u00e1rios, possibilitando que nossos clientes se dediquem exclusivamente ao seu neg\u00f3cio.<\/span><\/p>\n<p>&nbsp;<\/p>\n<p><span style=\"font-weight: 400;\">Entre as atividades realizadas pela consultoria, a avalia\u00e7\u00e3o imobili\u00e1ria, redu\u00e7\u00e3o de custos de loca\u00e7\u00e3o identifica\u00e7\u00e3o dos melhores locais\/im\u00f3veis (lojas varejistas, lajes corporativas, torres comerciais, centros de distribui\u00e7\u00f5es), administra\u00e7\u00e3o da carteira de contratos imobili\u00e1rios, al\u00e9m de estrutura\u00e7\u00f5es comerciais para compra e venda de ativos.<\/span><\/p>\n<p>&nbsp;<\/p>\n<p><span style=\"font-weight: 400;\">A AgroCivil Engenharia presta servi\u00e7o em todo territ\u00f3rio nacional, j\u00e1 tendo feito mais de <\/span><b>50 mil laudos<\/b><span style=\"font-weight: 400;\"> de avalia\u00e7\u00e3o de im\u00f3veis em todo o pa\u00eds.<\/span><\/p>\n<p>&nbsp;<\/p>\n<p><span style=\"font-weight: 400;\">As opera\u00e7\u00f5es da AgroCivil Engenharia iniciaram-se em 2014, na cidade de Uberl\u00e2ndia\/MG. Atualmente, a empresa possui escrit\u00f3rio na cidade de Uberl\u00e2ndia\/MG e Ribeir\u00e3o Preto\/SP.<\/span><\/p>\n<p>&nbsp;<\/p>\n<p><span style=\"font-weight: 400;\">Passados alguns anos de experi\u00eancia e cont\u00ednuo treinamento e aperfei\u00e7oamento profissional, identificamos que este mercado \u00e9 muito mais complexo e multifacetado que aparenta ser. Atualmente, nossos procedimentos levam em conta, in\u00fameras vari\u00e1veis, tais como: An\u00e1lise de documenta\u00e7\u00f5es, Legisla\u00e7\u00f5es Federais, Estaduais e Municipais, Leis de Zoneamento regionais, Ind\u00edcios de Contamina\u00e7\u00e3o, Leis Ambientais, entre outros, al\u00e9m \u00e9 claro, do mais importante quesito, s\u00f3lidos conhecimentos do Mercado Imobili\u00e1rio X Economia.<\/span><\/p>\n<p>&nbsp;<\/p>\n<p><span style=\"font-weight: 400;\">Afirmamos que o <\/span><b>Laudo de Avalia\u00e7\u00e3o Imobili\u00e1ria<\/b><span style=\"font-weight: 400;\"> \u00e9 extremamente importante n\u00e3o apenas para o Financiador (Bancos, Cons\u00f3rcios etc), mas tamb\u00e9m para quem investe, seja uma Construtora, Loteadora ou qualquer outro modelo de Investidor.<\/span><\/p>\n","protected":false},"excerpt":{"rendered":"<p>AgroCivil Engenharia &nbsp; Somos especialistas em Avalia\u00e7\u00e3o de Im\u00f3veis. &nbsp; Empresa de consultoria imobili\u00e1ria com expertise para oferecer servi\u00e7os de alta qualidade em Renegocia\u00e7\u00e3o e Renova\u00e7\u00e3o de Contrato de Loca\u00e7\u00e3o, Acompanhamento de obras, An\u00e1lise de viabilidade financeira de empreendimentos e casas, Servi\u00e7os de per\u00edcia relacionados \u00e0 engenharia diagn\u00f3stica e engenharia de avalia\u00e7\u00e3o imobili\u00e1ria (Assessoria jur\u00eddica &#8230; <a title=\"Quem Somos\" class=\"read-more\" href=\"https:\/\/agrocivileng.com.br\/portal\/quem-somos\/\">Ler mais <span class=\"screen-reader-text\">Quem Somos<\/span><\/a><\/p>\n","protected":false},"author":1,"featured_media":0,"parent":0,"menu_order":0,"comment_status":"closed","ping_status":"closed","template":"","meta":[],"_links":{"self":[{"href":"https:\/\/agrocivileng.com.br\/portal\/wp-json\/wp\/v2\/pages\/947"}],"collection":[{"href":"https:\/\/agrocivileng.com.br\/portal\/wp-json\/wp\/v2\/pages"}],"about":[{"href":"https:\/\/agrocivileng.com.br\/portal\/wp-json\/wp\/v2\/types\/page"}],"author":[{"embeddable":true,"href":"https:\/\/agrocivileng.com.br\/portal\/wp-json\/wp\/v2\/users\/1"}],"replies":[{"embeddable":true,"href":"https:\/\/agrocivileng.com.br\/portal\/wp-json\/wp\/v2\/comments?post=947"}],"version-history":[{"count":4,"href":"https:\/\/agrocivileng.com.br\/portal\/wp-json\/wp\/v2\/pages\/947\/revisions"}],"predecessor-version":[{"id":952,"href":"https:\/\/agrocivileng.com.br\/portal\/wp-json\/wp\/v2\/pages\/947\/revisions\/952"}],"wp:attachment":[{"href":"https:\/\/agrocivileng.com.br\/portal\/wp-json\/wp\/v2\/media?parent=947"}],"curies":[{"name":"wp","href":"https:\/\/api.w.org\/{rel}","templated":true}]}}